{"id":20,"date":"2026-04-22T19:12:26","date_gmt":"2026-04-22T19:12:26","guid":{"rendered":"https:\/\/ospbrzuza.pl\/?page_id=20"},"modified":"2026-04-22T19:21:22","modified_gmt":"2026-04-22T19:21:22","slug":"kontakt","status":"publish","type":"page","link":"https:\/\/ospbrzuza.pl\/?page_id=20","title":{"rendered":"kontakt"},"content":{"rendered":"\n<p><strong>Skontaktuj si\u0119 z nami <\/strong>\ud83d\ude42<\/p>\n\n\n\n<p>Masz pytanie, chcesz do nas do\u0142\u0105czy\u0107 albo dowiedzie\u0107 si\u0119 wi\u0119cej o naszej dzia\u0142alno\u015bci? Jeste\u015bmy do Twojej dyspozycji. <\/p>\n\n\n\n<p><strong><mark style=\"background-color:rgba(0, 0, 0, 0)\" class=\"has-inline-color has-accent-2-color\">Gdzie jeste\u015bmy?\u00a0<\/mark><\/strong><\/p>\n\n\n\n<p>Nowa Brzuza 46, 08-412 Nowa Brzuza<\/p>\n\n\n\n<p><strong><mark style=\"background-color:rgba(0, 0, 0, 0)\" class=\"has-inline-color has-accent-2-color\">Zadzwo\u0144 do nas: <\/mark><\/strong><\/p>\n\n\n\n<p>+46 696 513 013<\/p>\n\n\n\n<p>Jeste\u015bmy dost\u0119pni od poniedzia\u0142ku do pi\u0105tku w godzinach 9:00-17:00. <\/p>\n\n\n\n<p><strong><mark style=\"background-color:rgba(0, 0, 0, 0)\" class=\"has-inline-color has-accent-2-color\">Napisz wiadomo\u015b\u0107: <\/mark><\/strong><\/p>\n\n\n\n<p>kontakt@ospbrzuza.pl<\/p>\n\n\n\n<p><\/p>\n\n\n\n<p><strong><mark style=\"background-color:rgba(0, 0, 0, 0)\" class=\"has-inline-color has-accent-2-color\">Zosta\u0144 naszym partnerem<\/mark><\/strong><\/p>\n\n\n\n<p>Wsp\u00f3\u0142praca z nasz\u0105 jednostk\u0105 to realny wp\u0142yw na bezpiecze\u0144stwo mieszka\u0144c\u00f3w oraz mo\u017cliwo\u015b\u0107 zaanga\u017cowania si\u0119 w dzia\u0142ania o du\u017cym znaczeniu spo\u0142ecznym. <\/p>\n\n\n\n<p>Partnerom oferujemy m.in.:<\/p>\n\n\n\n<ul class=\"wp-block-list\">\n<li>udzia\u0142 w lokalnych inicjatywach i wydarzeniach<\/li>\n\n\n\n<li>obecno\u015b\u0107 w naszych materia\u0142ach i komunikacji<\/li>\n\n\n\n<li>wsp\u00f3lne akcje edukacyjne i wizerunkowe<\/li>\n<\/ul>\n\n\n\n<p>Je\u015bli Twoja firma lub organizacja chce dzia\u0142a\u0107 razem z nami &#8211; zapraszamy do kontaktu. <\/p>\n\n\n\n<p><\/p>\n\n\n\n<p><mark style=\"background-color:rgba(0, 0, 0, 0)\" class=\"has-inline-color has-accent-1-color\">Pami\u0119taj: w nag\u0142ych przypadkach dzwo\u0144 pod 112. <\/mark><\/p>\n\n\n\n<p><\/p>\n","protected":false},"excerpt":{"rendered":"<p>Skontaktuj si\u0119 z nami \ud83d\ude42 Masz pytanie, chcesz do nas do\u0142\u0105czy\u0107 albo dowiedzie\u0107 si\u0119 wi\u0119cej o naszej dzia\u0142alno\u015bci? Jeste\u015bmy do Twojej dyspozycji. Gdzie jeste\u015bmy?\u00a0 Nowa &hellip;<\/p>\n","protected":false},"author":1,"featured_media":0,"parent":0,"menu_order":0,"comment_status":"closed","ping_status":"closed","template":"","meta":{"footnotes":""},"class_list":["post-20","page","type-page","status-publish","hentry"],"_links":{"self":[{"href":"https:\/\/ospbrzuza.pl\/index.php?rest_route=\/wp\/v2\/pages\/20","targetHints":{"allow":["GET"]}}],"collection":[{"href":"https:\/\/ospbrzuza.pl\/index.php?rest_route=\/wp\/v2\/pages"}],"about":[{"href":"https:\/\/ospbrzuza.pl\/index.php?rest_route=\/wp\/v2\/types\/page"}],"author":[{"embeddable":true,"href":"https:\/\/ospbrzuza.pl\/index.php?rest_route=\/wp\/v2\/users\/1"}],"replies":[{"embeddable":true,"href":"https:\/\/ospbrzuza.pl\/index.php?rest_route=%2Fwp%2Fv2%2Fcomments&post=20"}],"version-history":[{"count":8,"href":"https:\/\/ospbrzuza.pl\/index.php?rest_route=\/wp\/v2\/pages\/20\/revisions"}],"predecessor-version":[{"id":34,"href":"https:\/\/ospbrzuza.pl\/index.php?rest_route=\/wp\/v2\/pages\/20\/revisions\/34"}],"wp:attachment":[{"href":"https:\/\/ospbrzuza.pl\/index.php?rest_route=%2Fwp%2Fv2%2Fmedia&parent=20"}],"curies":[{"name":"wp","href":"https:\/\/api.w.org\/{rel}","templated":true}]}}