{"id":16,"date":"2026-04-22T18:55:20","date_gmt":"2026-04-22T18:55:20","guid":{"rendered":"https:\/\/ospbrzuza.pl\/?page_id=16"},"modified":"2026-04-22T19:30:36","modified_gmt":"2026-04-22T19:30:36","slug":"o-nas","status":"publish","type":"page","link":"https:\/\/ospbrzuza.pl\/?page_id=16","title":{"rendered":"O nas"},"content":{"rendered":"\n<p>Nasza historia zacz\u0119\u0142a si\u0119 w latach 30. XX wieku &#8211; to wtedy powsta\u0142a Ochotnicza Stra\u017c Po\u017carna w Brzuzie. Przez lata jednostka dzia\u0142a\u0142a na rzecz mieszka\u0144c\u00f3w, zmieniaj\u0105c si\u0119 razem z lokaln\u0105 spo\u0142eczno\u015bci\u0105. <\/p>\n\n\n\n<p>Dzi\u015b wracamy. <\/p>\n\n\n\n<p>Po okresie przerwy reaktywujemy OSP w Brzuzie i budujemy j\u0105 od nowa &#8211; z energi\u0105, zaanga\u017cowaniem i wsparciem ludzi, kt\u00f3rym zale\u017cy na bezpiecze\u0144stwie naszej miejscowo\u015bci. <\/p>\n\n\n\n<p>Jeste\u015bmy na pocz\u0105tku tej drogi. Tworzymy zesp\u00f3\u0142, rozwijamy struktur\u0119 i przygotowujemy si\u0119 do przysz\u0142ych dzia\u0142a\u0144. Przed nami tak\u017ce wyzwanie zwi\u0105zane z pozyskaniem sprz\u0119tu i wyposa\u017cenia. <\/p>\n\n\n\n<p>To dobry moment by wesprze\u0107 nasz\u0105 inicjatyw\u0119! \ud83d\ude42 <\/p>\n\n\n\n<p>Budujemy co\u015b wa\u017cnego &#8211; dla nas wszystkich. <\/p>\n\n\n\n<ul class=\"wp-block-list\">\n<li><\/li>\n<\/ul>\n","protected":false},"excerpt":{"rendered":"<p>Nasza historia zacz\u0119\u0142a si\u0119 w latach 30. XX wieku &#8211; to wtedy powsta\u0142a Ochotnicza Stra\u017c Po\u017carna w Brzuzie. Przez lata jednostka dzia\u0142a\u0142a na rzecz mieszka\u0144c\u00f3w, &hellip;<\/p>\n","protected":false},"author":1,"featured_media":0,"parent":0,"menu_order":0,"comment_status":"closed","ping_status":"closed","template":"","meta":{"footnotes":""},"class_list":["post-16","page","type-page","status-publish","hentry"],"_links":{"self":[{"href":"https:\/\/ospbrzuza.pl\/index.php?rest_route=\/wp\/v2\/pages\/16","targetHints":{"allow":["GET"]}}],"collection":[{"href":"https:\/\/ospbrzuza.pl\/index.php?rest_route=\/wp\/v2\/pages"}],"about":[{"href":"https:\/\/ospbrzuza.pl\/index.php?rest_route=\/wp\/v2\/types\/page"}],"author":[{"embeddable":true,"href":"https:\/\/ospbrzuza.pl\/index.php?rest_route=\/wp\/v2\/users\/1"}],"replies":[{"embeddable":true,"href":"https:\/\/ospbrzuza.pl\/index.php?rest_route=%2Fwp%2Fv2%2Fcomments&post=16"}],"version-history":[{"count":3,"href":"https:\/\/ospbrzuza.pl\/index.php?rest_route=\/wp\/v2\/pages\/16\/revisions"}],"predecessor-version":[{"id":36,"href":"https:\/\/ospbrzuza.pl\/index.php?rest_route=\/wp\/v2\/pages\/16\/revisions\/36"}],"wp:attachment":[{"href":"https:\/\/ospbrzuza.pl\/index.php?rest_route=%2Fwp%2Fv2%2Fmedia&parent=16"}],"curies":[{"name":"wp","href":"https:\/\/api.w.org\/{rel}","templated":true}]}}